{"id":1010,"date":"2016-04-17T16:02:09","date_gmt":"2016-04-17T14:02:09","guid":{"rendered":"http:\/\/www.wp-free-themes.com\/wordpress\/?page_id=1010"},"modified":"2017-02-04T16:40:59","modified_gmt":"2017-02-04T15:40:59","slug":"approfondimenti-strumentazione-2","status":"publish","type":"page","link":"https:\/\/www.osservatorioadstatuas.it\/es\/approfondimenti-strumentazione-2\/","title":{"rendered":"Profundizaciones sobre la instrumentaci\u00f3n"},"content":{"rendered":"<div class=\"wpb-content-wrapper\"><p>[vc_row][vc_column][vc_column_text]<\/p>\n<p style=\"text-align: center;\"><strong>Haga clic en las im\u00e1genes para obtener m\u00e1s informaci\u00f3n<\/strong><\/p>\n<table width=\"100%\">\n<tbody>\n<tr align=\"center\">\n<td style=\"background: #EEEEEE;\" width=\"255px\"><a href=\"https:\/\/www.osservatorioadstatuas.it\/anemometro\/\"><img decoding=\"async\" src=\"https:\/\/www.osservatorioadstatuas.it\/approfondimenti\/Anemometro.jpg\" \/>Anemometro<\/a><\/td>\n<td style=\"background: #EEEEEE;\" width=\"255px\"><a href=\"https:\/\/www.osservatorioadstatuas.it\/data-logger-ip\/\"><img decoding=\"async\" src=\"https:\/\/www.osservatorioadstatuas.it\/approfondimenti\/Data%20Logger%20IP.jpg\" \/>Data Logger IP<\/a><\/td>\n<td style=\"background: #EEEEEE;\" width=\"255px\"><a href=\"https:\/\/www.osservatorioadstatuas.it\/davis-vp2-plus\/\"><img decoding=\"async\" src=\"https:\/\/www.osservatorioadstatuas.it\/approfondimenti\/Davis%20VP2%20Plus.jpg\" \/>Davis VP2 Plus<\/a><\/td>\n<\/tr>\n<tr align=\"center\">\n<td><a href=\"https:\/\/www.osservatorioadstatuas.it\/daytime-fan-kit\/\"><img decoding=\"async\" src=\"https:\/\/www.osservatorioadstatuas.it\/approfondimenti\/Daytime%20Fan%20Kit.jpg\" \/>Daytime Fan Kit<\/a><\/td>\n<td><a href=\"https:\/\/www.osservatorioadstatuas.it\/sensore-di-radiazione-solare\/\"><img decoding=\"async\" src=\"https:\/\/www.osservatorioadstatuas.it\/approfondimenti\/Sensore%20di%20radiazione%20solare.jpg\" \/>Sensore di radiazione solare<\/a><\/td>\n<td><a href=\"https:\/\/www.osservatorioadstatuas.it\/sensore-raggi-uv\/\"><img decoding=\"async\" src=\"https:\/\/www.osservatorioadstatuas.it\/approfondimenti\/Sensore%20raggi%20UV.jpg\" \/>Sensore raggi UV<\/a><\/td>\n<\/tr>\n<tr align=\"center\">\n<td style=\"background: #EEEEEE;\"><a href=\"https:\/\/www.osservatorioadstatuas.it\/sonda-di-temperatura-in-acciaio\/\"><img decoding=\"async\" src=\"https:\/\/www.osservatorioadstatuas.it\/approfondimenti\/Sonda%20Temperatura%20in%20Acciaio.jpg\" \/>Sonda di temperatura in acciaio<\/a><\/td>\n<td style=\"background: #EEEEEE;\"><\/td>\n<td style=\"background: #EEEEEE;\"><a href=\"https:\/\/www.osservatorioadstatuas.it\/stazione-supplementare\/\"><img decoding=\"async\" src=\"https:\/\/www.osservatorioadstatuas.it\/approfondimenti\/Stazione%20supplementare.jpg\" \/>Stazione supplementare<\/a><\/td>\n<\/tr>\n<\/tbody>\n<\/table>\n<hr \/>\n<table>\n<tbody>\n<tr>\n<td style=\"background: #EEEEEE;\" width=\"150px\"><img decoding=\"async\" src=\"https:\/\/www.osservatorioadstatuas.it\/approfondimenti\/Console.jpg\" \/><\/td>\n<td style=\"background: #EEEEEE;\" width=\"150px\"><img decoding=\"async\" src=\"https:\/\/www.osservatorioadstatuas.it\/approfondimenti\/Nivometro.JPG\" \/><\/td>\n<td style=\"background: #EEEEEE;\" width=\"150px\"><img decoding=\"async\" src=\"https:\/\/www.osservatorioadstatuas.it\/approfondimenti\/Pluviometro%20Manuale%20Hellmann.jpg\" \/><\/td>\n<td style=\"background: #EEEEEE;\" width=\"150px\"><img decoding=\"async\" src=\"https:\/\/www.osservatorioadstatuas.it\/approfondimenti\/SchermosolareVentilato.jpg\" \/><\/td>\n<td style=\"background: #EEEEEE;\" width=\"150px\"><img decoding=\"async\" src=\"https:\/\/www.osservatorioadstatuas.it\/approfondimenti\/Sensore%20termo-igrometrico%20ISS.jpg\" \/><\/td>\n<\/tr>\n<tr class=\"mini\" style=\"background: #EEEEEE;\" align=\"center\">\n<td>Console<\/td>\n<td>Nivometro<\/td>\n<td>Pluviometro Manuale Hellmann<\/td>\n<td>Schermo Solare<br \/>\nVentilato<\/td>\n<td>Sensore termo-igrometrico ISS<\/td>\n<\/tr>\n<\/tbody>\n<\/table>\n<p>[\/vc_column_text][\/vc_column][\/vc_row]<\/p>\n<\/div>","protected":false},"excerpt":{"rendered":"<p>[vc_row][vc_column][vc_column_text] Haga clic en las im\u00e1genes para obtener m\u00e1s informaci\u00f3n Anemometro Data Logger IP Davis VP2 Plus Daytime Fan Kit Sensore di radiazione solare Sensore raggi UV Sonda di temperatura in acciaio Stazione supplementare Console Nivometro Pluviometro Manuale Hellmann Schermo Solare Ventilato Sensore termo-igrometrico ISS [\/vc_column_text][\/vc_column][\/vc_row]<\/p>\n","protected":false},"author":1,"featured_media":0,"parent":0,"menu_order":0,"comment_status":"closed","ping_status":"closed","template":"","meta":{"footnotes":""},"class_list":["post-1010","page","type-page","status-publish","hentry"],"_links":{"self":[{"href":"https:\/\/www.osservatorioadstatuas.it\/es\/wp-json\/wp\/v2\/pages\/1010","targetHints":{"allow":["GET"]}}],"collection":[{"href":"https:\/\/www.osservatorioadstatuas.it\/es\/wp-json\/wp\/v2\/pages"}],"about":[{"href":"https:\/\/www.osservatorioadstatuas.it\/es\/wp-json\/wp\/v2\/types\/page"}],"author":[{"embeddable":true,"href":"https:\/\/www.osservatorioadstatuas.it\/es\/wp-json\/wp\/v2\/users\/1"}],"replies":[{"embeddable":true,"href":"https:\/\/www.osservatorioadstatuas.it\/es\/wp-json\/wp\/v2\/comments?post=1010"}],"version-history":[{"count":33,"href":"https:\/\/www.osservatorioadstatuas.it\/es\/wp-json\/wp\/v2\/pages\/1010\/revisions"}],"predecessor-version":[{"id":2386,"href":"https:\/\/www.osservatorioadstatuas.it\/es\/wp-json\/wp\/v2\/pages\/1010\/revisions\/2386"}],"wp:attachment":[{"href":"https:\/\/www.osservatorioadstatuas.it\/es\/wp-json\/wp\/v2\/media?parent=1010"}],"curies":[{"name":"wp","href":"https:\/\/api.w.org\/{rel}","templated":true}]}}