{"id":1915,"date":"2016-12-16T11:01:26","date_gmt":"2016-12-16T10:01:26","guid":{"rendered":"https:\/\/www.osservatorioadstatuas.it\/?page_id=1915"},"modified":"2024-12-31T17:35:50","modified_gmt":"2024-12-31T16:35:50","slug":"canale-e-bot-telegram-messenger","status":"publish","type":"page","link":"https:\/\/www.osservatorioadstatuas.it\/es\/canale-e-bot-telegram-messenger\/","title":{"rendered":"Canal y bot telegram"},"content":{"rendered":"<div class=\"wpb-content-wrapper\"><p>[vc_row][vc_column width=\u00bb1\/2&#8243;][vc_custom_heading text=\u00bbServicio Telegram y Messenger\u00bb google_fonts=\u00bbfont_family:Montserrat%3Aregular%2C700|font_style:400%20regular%3A400%3Anormal\u00bb css=\u00bb\u00bb][vc_column_text css=\u00bb\u00bb]\u00bfQuieren estar sempre informados sobre las noticias de la p\u00e1gina web, las alertas m\u00e9teo o receber notificaciones de los se\u00edsmos con magnitudo superior a los 3,5? Perfecto! S\u00edgan nos en el canal Telegram @News_adStatuas. Si quieren ver los datos m\u00e9teo-se\u00edsmicos en tiempo real o las im\u00e1genes m\u00e1s recientes tomadas por la webcam, interact\u00faen con el discreto e innovativo bot @adStatuas_bot<\/p>\n<p>Disfruten!<\/p>\n<p>Ahora pueden tambi\u00e9n interactuar con el <strong>Messenger bot <\/strong>! Pongan <strong>Me gusta<\/strong>\u00a0en la p\u00e1gina<strong>\u00a0<\/strong>Facebook <strong>@adStatuas<\/strong>\u00a0y pulse \u00ab<strong>Usa l&#8217;app<\/strong>\u00bb !<\/p>\n<p>Qu\u00e9 disfruten!<\/p>\n<p><strong>Principales consultaciones del bot:<\/strong><\/p>\n<ul>\n<li>Informaci\u00f3n General de la Estaci\u00f3n Meteorol\u00f3gica Osservatorio \u00abad Statuas\u00bb<\/li>\n<li>Temperatura actual<\/li>\n<li>Temperatura m\u00ednima\u00a0de hoy<\/li>\n<li>Temperatura m\u00e1xima\u00a0de hoy<\/li>\n<li>Presencia de lluvia<\/li>\n<li>Velocidad del\u00a0viento<\/li>\n<li>Imagen de la webcam<\/li>\n<li>Sism\u00f3grafo<\/li>\n<li>Datos de polvo fino<\/li>\n<li>News<\/li>\n<\/ul>\n<p>&nbsp;<\/p>\n<p>[\/vc_column_text][vc_btn title=\u00bbInserisci la tua stazione meteo\u00bb shape=\u00bbsquare\u00bb color=\u00bbsuccess\u00bb size=\u00bbsm\u00bb link=\u00bburl:http%3A%2F%2Fwww.osservatorioadstatuas.it%2Frichiesta-di-inserimento-stazione%2F|||\u00bb][\/vc_column][vc_column width=\u00bb1\/2&#8243;][vc_row_inner same_height=\u00bbtrue\u00bb][vc_column_inner][vc_single_image image=\u00bb1923&#8243; img_size=\u00bblarge\u00bb alignment=\u00bbright\u00bb css_animation=\u00bbbottom-to-top\u00bb][\/vc_column_inner][\/vc_row_inner][\/vc_column][\/vc_row]<\/p>\n<\/div>","protected":false},"excerpt":{"rendered":"<p>[vc_row][vc_column width=\u00bb1\/2&#8243;][vc_custom_heading text=\u00bbServicio Telegram y Messenger\u00bb google_fonts=\u00bbfont_family:Montserrat%3Aregular%2C700|font_style:400%20regular%3A400%3Anormal\u00bb css=\u00bb\u00bb][vc_column_text css=\u00bb\u00bb]\u00bfQuieren estar sempre informados sobre las noticias de la p\u00e1gina web, las alertas m\u00e9teo o receber notificaciones de los se\u00edsmos con magnitudo superior a los 3,5? Perfecto! S\u00edgan nos en el canal Telegram @News_adStatuas. Si quieren ver los datos m\u00e9teo-se\u00edsmicos en tiempo real o las im\u00e1genes m\u00e1s [&hellip;]<\/p>\n","protected":false},"author":1,"featured_media":0,"parent":0,"menu_order":0,"comment_status":"closed","ping_status":"closed","template":"","meta":{"footnotes":""},"class_list":["post-1915","page","type-page","status-publish","hentry"],"_links":{"self":[{"href":"https:\/\/www.osservatorioadstatuas.it\/es\/wp-json\/wp\/v2\/pages\/1915","targetHints":{"allow":["GET"]}}],"collection":[{"href":"https:\/\/www.osservatorioadstatuas.it\/es\/wp-json\/wp\/v2\/pages"}],"about":[{"href":"https:\/\/www.osservatorioadstatuas.it\/es\/wp-json\/wp\/v2\/types\/page"}],"author":[{"embeddable":true,"href":"https:\/\/www.osservatorioadstatuas.it\/es\/wp-json\/wp\/v2\/users\/1"}],"replies":[{"embeddable":true,"href":"https:\/\/www.osservatorioadstatuas.it\/es\/wp-json\/wp\/v2\/comments?post=1915"}],"version-history":[{"count":66,"href":"https:\/\/www.osservatorioadstatuas.it\/es\/wp-json\/wp\/v2\/pages\/1915\/revisions"}],"predecessor-version":[{"id":3720,"href":"https:\/\/www.osservatorioadstatuas.it\/es\/wp-json\/wp\/v2\/pages\/1915\/revisions\/3720"}],"wp:attachment":[{"href":"https:\/\/www.osservatorioadstatuas.it\/es\/wp-json\/wp\/v2\/media?parent=1915"}],"curies":[{"name":"wp","href":"https:\/\/api.w.org\/{rel}","templated":true}]}}