{"id":3654,"date":"2024-05-17T11:09:39","date_gmt":"2024-05-17T09:09:39","guid":{"rendered":"https:\/\/www.osservatorioadstatuas.it\/?page_id=3654"},"modified":"2024-05-18T16:50:47","modified_gmt":"2024-05-18T14:50:47","slug":"confronto-temperature-delle-stazioni","status":"publish","type":"page","link":"https:\/\/www.osservatorioadstatuas.it\/es\/confronto-temperature-delle-stazioni\/","title":{"rendered":"Confronto temperature delle stazioni"},"content":{"rendered":"<div class=\"wpb-content-wrapper\"><p>[vc_row][vc_column][vc_column_text css=&#8221;&#8221;]<strong>El Observatorio &#8220;ad Statuas&#8221;<\/strong> ha instalado tres emplazamientos remotos, situados en \u00e1reas extraurbanas de Acquaviva de Montepulciano, o sea a campo abierto. Se llaman <strong><em>\u201cTerzini\u201d,<\/em><\/strong> <strong><em>\u201cTerzi-Ribersani\u201d<\/em><\/strong> y <strong><em>\u201cPansieri-Vannucci\u201d <\/em><\/strong>y dan la posibilidad de tomar muestras de la temperatura del aire. Los sensores termom\u00e9tricos est\u00e1n colocados dentro de unas garitas meteorol\u00f3gicas instaladas a una altura de 1.80 m del c\u00e9sped, de acuerdo con las directivas de la <em>World Meteorological Organization (WMO)<\/em>.<\/p>\n<p>Estos instrumentos suplementarios permiten tener informaci\u00f3n adicional y detallada sobre todo si se quieren analizar los valores extremos de la temperatura, en particular las temperaturas m\u00ednimas, que puedan ser lo m\u00e1s posible libres de las interferencias causadas por el fen\u00f3meno de la \u201cisla de calor\u201d presente en las \u00e1reas urbanas. Adem\u00e1s estos instrumentos permiten representar de la mejor manera la variabilidad de los valores que pueda haber durante las frecuentes condiciones de inversi\u00f3n t\u00e9rmica, dada la particular orograf\u00eda de nuestro territorio.<\/p>\n<p>Los datos tomados de muestra se cargar\u00e1n en la p\u00e1gina web dos veces al mes, como tablas o, posiblemente, como gr\u00e1ficos.[\/vc_column_text][\/vc_column][\/vc_row][vc_row full_width=&#8221;true&#8221;][vc_column][vc_column_text css=&#8221;&#8221;]<script type=\"text\/javascript\">\n  function resizeIframe(iframe) {\n    iframe.height = iframe.contentWindow.document.body.scrollHeight + \"px\";\n  }<\/script><iframe class=\"datiaria\" style=\"width: 100%;\" src=\"https:\/\/www.osservatorioadstatuas.it\/birko\/Confronto_stazioni.php?nocache\" frameborder=\"0\" marginwidth=\"1\" marginheight=\"1\" scrolling=\"no\" data-mce-fragment=\"1\"><\/iframe>[\/vc_column_text][\/vc_column][\/vc_row]<\/p>\n<\/div>","protected":false},"excerpt":{"rendered":"<p>[vc_row][vc_column][vc_column_text css=&#8221;&#8221;]El Observatorio &#8220;ad Statuas&#8221; ha instalado tres emplazamientos remotos, situados en \u00e1reas extraurbanas de Acquaviva de Montepulciano, o sea a campo abierto. Se llaman \u201cTerzini\u201d, \u201cTerzi-Ribersani\u201d y \u201cPansieri-Vannucci\u201d y dan la posibilidad de tomar muestras de la temperatura del aire. Los sensores termom\u00e9tricos est\u00e1n colocados dentro de unas garitas meteorol\u00f3gicas instaladas a una altura [&hellip;]<\/p>\n","protected":false},"author":1,"featured_media":0,"parent":0,"menu_order":0,"comment_status":"closed","ping_status":"closed","template":"","meta":{"footnotes":""},"class_list":["post-3654","page","type-page","status-publish","hentry"],"_links":{"self":[{"href":"https:\/\/www.osservatorioadstatuas.it\/es\/wp-json\/wp\/v2\/pages\/3654","targetHints":{"allow":["GET"]}}],"collection":[{"href":"https:\/\/www.osservatorioadstatuas.it\/es\/wp-json\/wp\/v2\/pages"}],"about":[{"href":"https:\/\/www.osservatorioadstatuas.it\/es\/wp-json\/wp\/v2\/types\/page"}],"author":[{"embeddable":true,"href":"https:\/\/www.osservatorioadstatuas.it\/es\/wp-json\/wp\/v2\/users\/1"}],"replies":[{"embeddable":true,"href":"https:\/\/www.osservatorioadstatuas.it\/es\/wp-json\/wp\/v2\/comments?post=3654"}],"version-history":[{"count":3,"href":"https:\/\/www.osservatorioadstatuas.it\/es\/wp-json\/wp\/v2\/pages\/3654\/revisions"}],"predecessor-version":[{"id":3672,"href":"https:\/\/www.osservatorioadstatuas.it\/es\/wp-json\/wp\/v2\/pages\/3654\/revisions\/3672"}],"wp:attachment":[{"href":"https:\/\/www.osservatorioadstatuas.it\/es\/wp-json\/wp\/v2\/media?parent=3654"}],"curies":[{"name":"wp","href":"https:\/\/api.w.org\/{rel}","templated":true}]}}