{"id":3773,"date":"2025-11-29T14:47:53","date_gmt":"2025-11-29T13:47:53","guid":{"rendered":"https:\/\/www.osservatorioadstatuas.it\/?page_id=3773"},"modified":"2025-11-29T15:30:26","modified_gmt":"2025-11-29T14:30:26","slug":"info-radiazioni","status":"publish","type":"page","link":"https:\/\/www.osservatorioadstatuas.it\/es\/info-radiazioni\/","title":{"rendered":"Info radiazioni"},"content":{"rendered":"<div class=\"wpb-content-wrapper\"><p>[vc_row][vc_column][vc_column_text]Osservatorio \u201cad Statuas\u201d ha aumentato ulteriormente il suo parco strumenti installando, a febbraio 2022, un contatore Geiger per monitorare la radiazione di fondo ambientale.<\/p>\n<p>La scelta \u00e8 ricaduta su uno strumento della ditta americana GQ Electronics, denominato GMC-600 Plus.<br \/>\nQuesto dispositivo \u00e8 molto versatile, in quanto pu\u00f2 essere utilizzato sia per misurazioni in postazione fissa, sia in modalit\u00e0 mobile.<br \/>\n\u00c8 provvisto di una batteria interna ricaricabile, di un data logger e di connettivit\u00e0 Wi-Fi: i pacchetti dati vengono inviati ogni minuto al server americano che provvede ad archiviarli ed a rappresentarli in una mappa, la Geiger Counter World Map<br \/>\nGMC-600 Plus \u00e8 uno strumento molto particolare ed il suo punto di forza \u00e8 senza alcun dubbio la sonda ad alta sensibilit\u00e0 Pancake LND 7317 che permette la misurazione delle radiazioni Alfa, Beta, Gamma e dei raggi X.<\/p>\n<p>Di seguito alcune specifiche del GMC-600 Plus:<\/p>\n<p>Radiazioni misurabili: Alfa, Beta, Gamma e raggi X<br \/>\nIntervallo dose equivalente misurabile: 0 &#8211; \u0334 4250 \u00b5Sv\/h<br \/>\nCPM (Counter Per Minute) misurabile: &gt;1,000,000 CPM<br \/>\nEnergia minima misurabile: ~0.1 MeV (Gamma), ~2.0 MeV (Alfa), ~10 keV (raggi X)<br \/>\nFrequenza di misurazione: 0,2 Pulses\/s<\/p>\n<p>Per rendere fruibili le misurazioni effettuate, Osservatorio \u201cad Statuas\u201d ha provveduto a sviluppare un sistema automatico che si interfaccia con il server americano, lo interroga ad intervalli di tempo prestabiliti e provvede a scaricare ed archiviare i dati sul proprio dominio.<\/p>\n<p>Le misurazioni archiviate vengono poi elaborate e presentate sotto forma di grafici interattivi e di tabelle riepilogative mensili ed annuali, in cui i valori misurati sono evidenziati con colorazioni che variano in accordo alle soglie riportate nella legenda GQ Electronics.<\/p>\n<p>\u00c8 presente inoltre una sezione in cui \u00e8 possibile visualizzare graficamente l\u2019andamento nel tempo delle misurazioni effettuate, permettendo anche il confronto con altre stazioni di misurazione delle radiazioni.<br \/>\nUna di queste \u00e8 la postazione di Chiusi Citt\u00e0, gestita da Meteochiusi, della quale Osservatorio \u201cad Statuas\u201d colleziona, elabora e pubblica i valori misurati.<br \/>\nTale postazione utilizza un dispositivo della GQ Electronics, il GMC-320 Plus, che per\u00f2 non \u00e8 dotato della sonda Pancake LND 7317 e che non misura la radiazione Alfa.<br \/>\nOltre dunque alla normale variabilit\u00e0 di sito ed ambientale, \u00e8 opportuno considerare questa differenza strumentale nella comparazione tra i valori delle due postazioni, in quanto quella chiusina non \u00e8 in grado di misurare la radiazione Alfa che \u00e8 ampiamente presente nel valore di fondo ambientale.<br \/>\nOsservatorio \u201cad Statuas\u201d si limita solo ed esclusivamente a rilevare i dati e a presentarli in modo assolutamente obiettivo. Osservatorio \u201cad Statuas\u201d si dissocia in modo netto da qualsivoglia utilizzo o interpretazione dei suddetti dati, specie se non supportata da solide e replicabili argomentazioni scientifiche che, in ogni caso, devono essere effettuate dagli Enti Istituzionali preposti.<\/p>\n<p>[\/vc_column_text][\/vc_column][\/vc_row][vc_row][vc_column][vc_gallery type=&#8221;image_grid&#8221; images=&#8221;3782,3783&#8243; img_size=&#8221;full&#8221;][\/vc_column][\/vc_row]<\/p>\n<\/div>","protected":false},"excerpt":{"rendered":"<p>[vc_row][vc_column][vc_column_text]Osservatorio \u201cad Statuas\u201d ha aumentato ulteriormente il suo parco strumenti installando, a febbraio 2022, un contatore Geiger per monitorare la radiazione di fondo ambientale. La scelta \u00e8 ricaduta su uno strumento della ditta americana GQ Electronics, denominato GMC-600 Plus. Questo dispositivo \u00e8 molto versatile, in quanto pu\u00f2 essere utilizzato sia per misurazioni in postazione fissa, [&hellip;]<\/p>\n","protected":false},"author":3,"featured_media":0,"parent":0,"menu_order":0,"comment_status":"closed","ping_status":"closed","template":"","meta":{"footnotes":""},"class_list":["post-3773","page","type-page","status-publish","hentry"],"_links":{"self":[{"href":"https:\/\/www.osservatorioadstatuas.it\/es\/wp-json\/wp\/v2\/pages\/3773","targetHints":{"allow":["GET"]}}],"collection":[{"href":"https:\/\/www.osservatorioadstatuas.it\/es\/wp-json\/wp\/v2\/pages"}],"about":[{"href":"https:\/\/www.osservatorioadstatuas.it\/es\/wp-json\/wp\/v2\/types\/page"}],"author":[{"embeddable":true,"href":"https:\/\/www.osservatorioadstatuas.it\/es\/wp-json\/wp\/v2\/users\/3"}],"replies":[{"embeddable":true,"href":"https:\/\/www.osservatorioadstatuas.it\/es\/wp-json\/wp\/v2\/comments?post=3773"}],"version-history":[{"count":5,"href":"https:\/\/www.osservatorioadstatuas.it\/es\/wp-json\/wp\/v2\/pages\/3773\/revisions"}],"predecessor-version":[{"id":3785,"href":"https:\/\/www.osservatorioadstatuas.it\/es\/wp-json\/wp\/v2\/pages\/3773\/revisions\/3785"}],"wp:attachment":[{"href":"https:\/\/www.osservatorioadstatuas.it\/es\/wp-json\/wp\/v2\/media?parent=3773"}],"curies":[{"name":"wp","href":"https:\/\/api.w.org\/{rel}","templated":true}]}}