{"id":416,"date":"2015-12-12T09:37:24","date_gmt":"2015-12-12T08:37:24","guid":{"rendered":"http:\/\/www.wp-free-themes.com\/wordpress\/?page_id=416"},"modified":"2017-02-01T20:03:37","modified_gmt":"2017-02-01T19:03:37","slug":"info-stazione-meteo","status":"publish","type":"page","link":"https:\/\/www.osservatorioadstatuas.it\/es\/info-stazione-meteo\/","title":{"rendered":"Informaci\u00f3n Estaci\u00f3n Meteorol\u00f3gica"},"content":{"rendered":"<div class=\"wpb-content-wrapper\"><p>[vc_row][vc_column][vc_column_text]Los instrumentos meteorol\u00f3gicos del <strong>Observatorio <em>\u201cad Statuas\u201d <\/em><\/strong>cuentan con una unidad principal, llamada ISS (Conjunto Integrado de Sensores), instalada en el tejado del edificio, y con una estaci\u00f3n adicional en el jard\u00edn.<\/p>\n<p>Los instrumentos son de la empresa norteamericana <em>Davis Instruments.<\/em> Los sensores permiten medir:<\/p>\n<ul>\n<li>la temperatura y la humedad relativa del aire, a trav\u00e9s de un sensor termohigrom\u00e9trico instalado dentro de un protector solar aireado durante el d\u00eda;<\/li>\n<li>la presi\u00f3n atmosf\u00e9rica;<\/li>\n<li>la velocidad y la direcci\u00f3n del viento;<\/li>\n<li>la cantidad de lluvia ca\u00edda y su intensidad;<\/li>\n<li>la radiaci\u00f3n solar;<\/li>\n<li>la radiaci\u00f3n UV.<\/li>\n<\/ul>\n<p style=\"text-align: justify;\"><a href=\"https:\/\/www.osservatorioadstatuas.it\/wp-content\/uploads\/2015\/12\/Stazione_Principale.jpg\"><img loading=\"lazy\" decoding=\"async\" class=\"alignleft wp-image-838 size-full\" src=\"https:\/\/www.osservatorioadstatuas.it\/wp-content\/uploads\/2015\/12\/Stazione_Principale_mini.jpg\" alt=\"Stazione Meteo\" width=\"112\" height=\"200\" srcset=\"https:\/\/www.osservatorioadstatuas.it\/wp-content\/uploads\/2015\/12\/Stazione_Principale_mini.jpg 112w, https:\/\/www.osservatorioadstatuas.it\/wp-content\/uploads\/2015\/12\/Stazione_Principale_mini-84x150.jpg 84w\" sizes=\"auto, (max-width: 112px) 100vw, 112px\" \/><\/a><\/p>\n<p>A trav\u00e9s de estas mediciones se pueden tambi\u00e9n calcular muchos otros valores, como por ejemplo el <em>\u201cWind Chill\u201d<\/em>, el \u00edndice de enfriamiento por el viento, o sea la temperatura percibida en condiciones de viento.<\/p>\n<p>La estaci\u00f3n meteorol\u00f3gica prinicipal, una<em> Davis Vantage Pro2 Plus<\/em>, lleva a cabo todas las mediciones mencionadas y como el anem\u00f3metro est\u00e1 instalado a una altura de 10 m del nivel de la calle, garantiza unas mediciones muy exactas de la velocidad y de la direcci\u00f3n del viento.<\/p>\n<p>Para medir incluso la temperatura de manera m\u00e1s precisa, de acuerdo con las directivas de la <em>World Meteorological Organization (WMO)<\/em>, se ha instalado en el jard\u00edn una estaci\u00f3n adicional,. Esta estaci\u00f3n, por medio de una sonda de temperatura colocada dentro de un protector solar aireado 24 horas al d\u00eda, mide la temperatura a una altura de 1.8 m del c\u00e9sped. Esta estaci\u00f3n adicional cuenta con un <em>pluvi\u00f3metro manual Hellmann <\/em>con el objetivo de registrar datos pluviom\u00e9tricos m\u00e1s fiables y tambi\u00e9n con un <em>niv\u00f3metro<\/em> de lectura manual para medir las precipitaciones de nieve.<\/p>\n<p style=\"text-align: justify;\"><a href=\"https:\/\/www.osservatorioadstatuas.it\/wp-content\/uploads\/2015\/12\/Stazione_Supplementare.jpg\"><img loading=\"lazy\" decoding=\"async\" class=\"alignright wp-image-840 size-full\" src=\"https:\/\/www.osservatorioadstatuas.it\/wp-content\/uploads\/2015\/12\/Stazione_Supplementare_mini.jpg\" alt=\"Stazione Meteo Supplementare\" width=\"150\" height=\"200\" srcset=\"https:\/\/www.osservatorioadstatuas.it\/wp-content\/uploads\/2015\/12\/Stazione_Supplementare_mini.jpg 150w, https:\/\/www.osservatorioadstatuas.it\/wp-content\/uploads\/2015\/12\/Stazione_Supplementare_mini-113x150.jpg 113w\" sizes=\"auto, (max-width: 150px) 100vw, 150px\" \/><\/a><\/p>\n<p>Por medio de las dos estaciones de medici\u00f3n es posible contar con una estaci\u00f3n meteorol\u00f3gica que respete las directivas del <em>WMO<\/em> en cuanto a las instalaciones urbanas e incluso a las extraurbanas, a pesar de que est\u00e9 colocada en un \u00e1rea residencial.<\/p>\n<p style=\"text-align: justify;\">Las respectivas unidades toman muestra de las mediciones llevadas a cabo que luego se transmiten wireless cada 2.5 segundos a una Consola interior. La Consola memoriza los datos y, por medio de un <em>data logger IP<\/em>, los transmite a un ordenador que los procesa y los carga en la red.<\/p>\n<p>Toda la estaci\u00f3n meteorol\u00f3gica es alimentada por paneles solares durante el d\u00eda y por una bater\u00eda de apoyo durante la noche.[\/vc_column_text][\/vc_column][\/vc_row]<\/p>\n<\/div>","protected":false},"excerpt":{"rendered":"<p>[vc_row][vc_column][vc_column_text]Los instrumentos meteorol\u00f3gicos del Observatorio \u201cad Statuas\u201d cuentan con una unidad principal, llamada ISS (Conjunto Integrado de Sensores), instalada en el tejado del edificio, y con una estaci\u00f3n adicional en el jard\u00edn. Los instrumentos son de la empresa norteamericana Davis Instruments. Los sensores permiten medir: la temperatura y la humedad relativa del aire, a trav\u00e9s [&hellip;]<\/p>\n","protected":false},"author":1,"featured_media":0,"parent":0,"menu_order":0,"comment_status":"closed","ping_status":"closed","template":"","meta":{"footnotes":""},"class_list":["post-416","page","type-page","status-publish","hentry"],"_links":{"self":[{"href":"https:\/\/www.osservatorioadstatuas.it\/es\/wp-json\/wp\/v2\/pages\/416","targetHints":{"allow":["GET"]}}],"collection":[{"href":"https:\/\/www.osservatorioadstatuas.it\/es\/wp-json\/wp\/v2\/pages"}],"about":[{"href":"https:\/\/www.osservatorioadstatuas.it\/es\/wp-json\/wp\/v2\/types\/page"}],"author":[{"embeddable":true,"href":"https:\/\/www.osservatorioadstatuas.it\/es\/wp-json\/wp\/v2\/users\/1"}],"replies":[{"embeddable":true,"href":"https:\/\/www.osservatorioadstatuas.it\/es\/wp-json\/wp\/v2\/comments?post=416"}],"version-history":[{"count":18,"href":"https:\/\/www.osservatorioadstatuas.it\/es\/wp-json\/wp\/v2\/pages\/416\/revisions"}],"predecessor-version":[{"id":2352,"href":"https:\/\/www.osservatorioadstatuas.it\/es\/wp-json\/wp\/v2\/pages\/416\/revisions\/2352"}],"wp:attachment":[{"href":"https:\/\/www.osservatorioadstatuas.it\/es\/wp-json\/wp\/v2\/media?parent=416"}],"curies":[{"name":"wp","href":"https:\/\/api.w.org\/{rel}","templated":true}]}}