{"id":846,"date":"2016-02-27T11:05:15","date_gmt":"2016-02-27T10:05:15","guid":{"rendered":"http:\/\/www.wp-free-themes.com\/wordpress\/?page_id=846"},"modified":"2017-02-04T11:58:56","modified_gmt":"2017-02-04T10:58:56","slug":"info-sismografo","status":"publish","type":"page","link":"https:\/\/www.osservatorioadstatuas.it\/es\/info-sismografo\/","title":{"rendered":"Informaci\u00f3n Sism\u00f3grafo"},"content":{"rendered":"<div class=\"wpb-content-wrapper\"><p>[vc_row][vc_column][vc_column_text]<\/p>\n<h4 style=\"text-align: center;\"><a href=\"https:\/\/www.osservatorioadstatuas.it\/wp-content\/uploads\/2016\/02\/Sensore_Triassiale.jpg\" rel=\"attachment wp-att-850\"><img loading=\"lazy\" decoding=\"async\" class=\"alignleft wp-image-850 \" src=\"https:\/\/www.osservatorioadstatuas.it\/wp-content\/uploads\/2016\/02\/Sensore_Triassiale_mini.jpg\" alt=\"Sensore Triassiale\" width=\"192\" height=\"256\" srcset=\"https:\/\/www.osservatorioadstatuas.it\/wp-content\/uploads\/2016\/02\/Sensore_Triassiale_mini.jpg 150w, https:\/\/www.osservatorioadstatuas.it\/wp-content\/uploads\/2016\/02\/Sensore_Triassiale_mini-113x150.jpg 113w\" sizes=\"auto, (max-width: 192px) 100vw, 192px\" \/><\/a><\/h4>\n<p>La estaci\u00f3n s\u00edsmica del <strong>Observatorio<\/strong> <strong><em>\u201cad Statuas\u201d<\/em> <\/strong>cuenta con un sism\u00f3grafo triaxial profesional (modelo SR04) de la empresa SARA <em>Electronic Instruments<\/em>.<\/p>\n<p>El hardware cuenta con dos componentes: un pack de tres sensores electrodin\u00e1micos con frecuencia nominal de resonancia de 2 Hz, ortogonales entre s\u00ed, que juegan el papel de transductores; un digitalizador con din\u00e1mica de 24 bit, que convierte el se\u00f1al anal\u00f3gico medido en digital.<\/p>\n<p>El digitalizador es conectado a un ordenador que, por medio de un software, procesa la se\u00f1al y abastece los sismogramas relativos a los siguientes canales: vertical, Norte-Sur y Este-Oeste.<\/p>\n<p>En el sitio web se muestran los tres an\u00e1lisis en el dominio del tiempo, es decir los sismogramas cl\u00e1sicos y los tres an\u00e1lisis en el dominio de la frecuencia, por medio de la operaci\u00f3n Fast Fourier Transform, que permite disfrutar del espectro energ\u00e9tico fundamental del centro de Italia.<\/p>\n<p style=\"text-align: justify;\"><a href=\"https:\/\/www.osservatorioadstatuas.it\/wp-content\/uploads\/2016\/02\/Digitalizzatore_24_bit.jpg\" rel=\"attachment wp-att-848\"><img loading=\"lazy\" decoding=\"async\" class=\" wp-image-848 alignright\" src=\"https:\/\/www.osservatorioadstatuas.it\/wp-content\/uploads\/2016\/02\/Digitalizzatore_24_bit_mini.jpg\" alt=\"Digitalizzatore 24 bit\" width=\"150\" height=\"200\" srcset=\"https:\/\/www.osservatorioadstatuas.it\/wp-content\/uploads\/2016\/02\/Digitalizzatore_24_bit_mini.jpg 150w, https:\/\/www.osservatorioadstatuas.it\/wp-content\/uploads\/2016\/02\/Digitalizzatore_24_bit_mini-113x150.jpg 113w\" sizes=\"auto, (max-width: 150px) 100vw, 150px\" \/><\/a><\/p>\n<p>A trav\u00e9s del software se pueden llevar a cabo otros tipos de mediciones tambi\u00e9n. Sin embargo, m\u00e1s all\u00e1 de la frecuencia nominal de 2 Hz de sus sensores, que garantiza una excelente respuesta a nivel de levantamientos s\u00edsmicos regionales\/nacionales, la singularidad de estos instrumentos es la capacidad de resoluci\u00f3n de la se\u00f1al que puede captar, por frecuencias entre 0.1 y 10 Hz, velocidades istant\u00e1neas en el suelo equivalentes a 1 nan\u00f3metro\/segundo, o sea distancias equivalentes al di\u00e1metro de apenas unos \u00e1tomos de helio. Eso garantiza una excelente ecualizaci\u00f3n de la se\u00f1al hasta frecuencias muy bajas (hasta los 0.05 Hz). Adem\u00e1s, gracias a la banda ancha, se puede tambi\u00e9n monitorizar la sismicidad mundial (telesismos), a partir de terremotos de magnitud modearada (M &gt; 5.0).<\/p>\n<p>Los instrumentos est\u00e1n instalados en el entresuelo del edificio, a 2.5 m por debajo de la planta baja, dentro de un agujero de nivel apropiado. El grupo de los sensores est\u00e1 colocado a nivel a 6 metros de profundidad en el terreno. Este tipo de instalaci\u00f3n, a pesar del suelo de Tipo C, permite llevar a cabo excelentes mediciones.<\/p>\n<p>Como el sism\u00f3grafo est\u00e1 en un \u00e1rea urbanizada, con autopista y ferrocarril bastante cercanos, el ruido antr\u00f3pico es considerable, sobre todo durante los d\u00edas laborales.<\/p>\n<p style=\"text-align: justify;\">El <em>Observatorio S\u00edsmico \u201cBina\u201d<\/em> de Perugina y la <em>Red S\u00edsmica Experimental Italiana I.E.S.N<\/em> recogen costantemente los datos registrados por la estaci\u00f3n s\u00edsmica de Acquaviva de Montepulciano. El <strong>Observatorio <em>\u201cad Statuas\u201d<\/em> <\/strong>forma parte del I.E.S.N, con el nombre de Estaci\u00f3n S\u00edsmica de Montepulciano<\/p>\n<p>[\/vc_column_text][\/vc_column][\/vc_row]<\/p>\n<\/div>","protected":false},"excerpt":{"rendered":"<p>[vc_row][vc_column][vc_column_text] La estaci\u00f3n s\u00edsmica del Observatorio \u201cad Statuas\u201d cuenta con un sism\u00f3grafo triaxial profesional (modelo SR04) de la empresa SARA Electronic Instruments. El hardware cuenta con dos componentes: un pack de tres sensores electrodin\u00e1micos con frecuencia nominal de resonancia de 2 Hz, ortogonales entre s\u00ed, que juegan el papel de transductores; un digitalizador con din\u00e1mica [&hellip;]<\/p>\n","protected":false},"author":1,"featured_media":0,"parent":0,"menu_order":0,"comment_status":"closed","ping_status":"closed","template":"","meta":{"footnotes":""},"class_list":["post-846","page","type-page","status-publish","hentry"],"_links":{"self":[{"href":"https:\/\/www.osservatorioadstatuas.it\/es\/wp-json\/wp\/v2\/pages\/846","targetHints":{"allow":["GET"]}}],"collection":[{"href":"https:\/\/www.osservatorioadstatuas.it\/es\/wp-json\/wp\/v2\/pages"}],"about":[{"href":"https:\/\/www.osservatorioadstatuas.it\/es\/wp-json\/wp\/v2\/types\/page"}],"author":[{"embeddable":true,"href":"https:\/\/www.osservatorioadstatuas.it\/es\/wp-json\/wp\/v2\/users\/1"}],"replies":[{"embeddable":true,"href":"https:\/\/www.osservatorioadstatuas.it\/es\/wp-json\/wp\/v2\/comments?post=846"}],"version-history":[{"count":13,"href":"https:\/\/www.osservatorioadstatuas.it\/es\/wp-json\/wp\/v2\/pages\/846\/revisions"}],"predecessor-version":[{"id":2371,"href":"https:\/\/www.osservatorioadstatuas.it\/es\/wp-json\/wp\/v2\/pages\/846\/revisions\/2371"}],"wp:attachment":[{"href":"https:\/\/www.osservatorioadstatuas.it\/es\/wp-json\/wp\/v2\/media?parent=846"}],"curies":[{"name":"wp","href":"https:\/\/api.w.org\/{rel}","templated":true}]}}