{"id":869,"date":"2016-02-27T17:57:39","date_gmt":"2016-02-27T16:57:39","guid":{"rendered":"http:\/\/www.wp-free-themes.com\/wordpress\/?page_id=869"},"modified":"2024-05-17T10:43:22","modified_gmt":"2024-05-17T08:43:22","slug":"temperature-postazioni-remote","status":"publish","type":"page","link":"https:\/\/www.osservatorioadstatuas.it\/es\/temperature-postazioni-remote\/","title":{"rendered":"Temperaturas Remotas"},"content":{"rendered":"<div class=\"wpb-content-wrapper\"><p>[vc_row css=\u00bb.vc_custom_1481194613591{padding-bottom: 8px !important;}\u00bb][vc_column][vc_column_text]<strong>El Observatorio \u00abad Statuas\u00bb<\/strong> ha instalado tres emplazamientos remotos, situados en \u00e1reas extraurbanas de Acquaviva de Montepulciano, o sea a campo abierto. Se llaman <strong><em>\u201cTerzini\u201d,<\/em><\/strong> <strong><em>\u201cTerzi-Ribersani\u201d<\/em><\/strong> y <strong><em>\u201cPansieri-Vannucci\u201d <\/em><\/strong>y dan la posibilidad de tomar muestras de la temperatura del aire. Los sensores termom\u00e9tricos est\u00e1n colocados dentro de unas garitas meteorol\u00f3gicas instaladas a una altura de 1.80 m del c\u00e9sped, de acuerdo con las directivas de la <em>World Meteorological Organization (WMO)<\/em>.<\/p>\n<p>Estos instrumentos suplementarios permiten tener informaci\u00f3n adicional y detallada sobre todo si se quieren analizar los valores extremos de la temperatura, en particular las temperaturas m\u00ednimas, que puedan ser lo m\u00e1s posible libres de las interferencias causadas por el fen\u00f3meno de la \u201cisla de calor\u201d presente en las \u00e1reas urbanas. Adem\u00e1s estos instrumentos permiten representar de la mejor manera la variabilidad de los valores que pueda haber durante las frecuentes condiciones de inversi\u00f3n t\u00e9rmica, dada la particular orograf\u00eda de nuestro territorio.<\/p>\n<p>Los datos tomados de muestra se cargar\u00e1n en la p\u00e1gina web dos veces al mes, como tablas o, posiblemente, como gr\u00e1ficos.[\/vc_column_text][\/vc_column][\/vc_row][vc_row css=\u00bb.vc_custom_1481194568647{padding-top: 0px !important;padding-bottom: 40px !important;}\u00bb el_class=\u00bbpostazioni\u00bb][vc_column width=\u00bb1\/3&#8243;][vc_single_image image=\u00bb1868&#8243; img_size=\u00bb500&#215;700&#8243; onclick=\u00bbcustom_link\u00bb css=\u00bb.vc_custom_1606316078535{padding-right: 2% !important;padding-left: 2% !important;}\u00bb link=\u00bbhttps:\/\/www.osservatorioadstatuas.it\/birko\/Temperature_stazione.php\u00bb][vc_column_text]<\/p>\n<p style=\"text-align: center;\"><a href=\"https:\/\/www.osservatorioadstatuas.it\/birko\/Temperature_stazione.php\"><strong>Postazione \u00abPansieri-Vannucci\u00bb<\/strong><\/a><\/p>\n<p>[\/vc_column_text][\/vc_column][vc_column width=\u00bb1\/3&#8243;][vc_single_image image=\u00bb1870&#8243; img_size=\u00bb500&#215;700&#8243; onclick=\u00bbcustom_link\u00bb css=\u00bb.vc_custom_1606316093181{padding-right: 2% !important;padding-left: 2% !important;}\u00bb link=\u00bbhttps:\/\/www.osservatorioadstatuas.it\/birko\/Temperature_stazione.php\u00bb][vc_column_text]<\/p>\n<p style=\"text-align: center;\"><a href=\"https:\/\/www.osservatorioadstatuas.it\/birko\/Temperature_stazione.php\"><strong>Postazione \u00abTerzi-Ribersani\u00bb<\/strong><\/a><\/p>\n<p>[\/vc_column_text][\/vc_column][vc_column width=\u00bb1\/3&#8243;][vc_single_image image=\u00bb1872&#8243; img_size=\u00bb500&#215;700&#8243; onclick=\u00bbcustom_link\u00bb css=\u00bb.vc_custom_1606316099958{padding-right: 2% !important;padding-left: 2% !important;}\u00bb link=\u00bbhttps:\/\/www.osservatorioadstatuas.it\/birko\/Temperature_stazione.php\u00bb][vc_column_text]<\/p>\n<p style=\"text-align: center;\"><a href=\"https:\/\/www.osservatorioadstatuas.it\/birko\/Temperature_stazione.php\"><strong>Postazione \u00abTerzini\u00bb<\/strong><\/a><\/p>\n<p>[\/vc_column_text][\/vc_column][\/vc_row]<\/p>\n<\/div>","protected":false},"excerpt":{"rendered":"<p>[vc_row css=\u00bb.vc_custom_1481194613591{padding-bottom: 8px !important;}\u00bb][vc_column][vc_column_text]El Observatorio \u00abad Statuas\u00bb ha instalado tres emplazamientos remotos, situados en \u00e1reas extraurbanas de Acquaviva de Montepulciano, o sea a campo abierto. Se llaman \u201cTerzini\u201d, \u201cTerzi-Ribersani\u201d y \u201cPansieri-Vannucci\u201d y dan la posibilidad de tomar muestras de la temperatura del aire. Los sensores termom\u00e9tricos est\u00e1n colocados dentro de unas garitas meteorol\u00f3gicas instaladas a [&hellip;]<\/p>\n","protected":false},"author":1,"featured_media":0,"parent":0,"menu_order":0,"comment_status":"closed","ping_status":"closed","template":"","meta":{"footnotes":""},"class_list":["post-869","page","type-page","status-publish","hentry"],"_links":{"self":[{"href":"https:\/\/www.osservatorioadstatuas.it\/es\/wp-json\/wp\/v2\/pages\/869","targetHints":{"allow":["GET"]}}],"collection":[{"href":"https:\/\/www.osservatorioadstatuas.it\/es\/wp-json\/wp\/v2\/pages"}],"about":[{"href":"https:\/\/www.osservatorioadstatuas.it\/es\/wp-json\/wp\/v2\/types\/page"}],"author":[{"embeddable":true,"href":"https:\/\/www.osservatorioadstatuas.it\/es\/wp-json\/wp\/v2\/users\/1"}],"replies":[{"embeddable":true,"href":"https:\/\/www.osservatorioadstatuas.it\/es\/wp-json\/wp\/v2\/comments?post=869"}],"version-history":[{"count":38,"href":"https:\/\/www.osservatorioadstatuas.it\/es\/wp-json\/wp\/v2\/pages\/869\/revisions"}],"predecessor-version":[{"id":3651,"href":"https:\/\/www.osservatorioadstatuas.it\/es\/wp-json\/wp\/v2\/pages\/869\/revisions\/3651"}],"wp:attachment":[{"href":"https:\/\/www.osservatorioadstatuas.it\/es\/wp-json\/wp\/v2\/media?parent=869"}],"curies":[{"name":"wp","href":"https:\/\/api.w.org\/{rel}","templated":true}]}}