{"id":951,"date":"2016-03-05T18:13:59","date_gmt":"2016-03-05T17:13:59","guid":{"rendered":"http:\/\/www.wp-free-themes.com\/wordpress\/?page_id=951"},"modified":"2021-11-15T16:07:53","modified_gmt":"2021-11-15T15:07:53","slug":"info-webcam-foscam","status":"publish","type":"page","link":"https:\/\/www.osservatorioadstatuas.it\/es\/info-webcam-foscam\/","title":{"rendered":"Informaci\u00f3n Webcam Foscam"},"content":{"rendered":"<p>El <strong>Observatorio &#8220;ad Statuas&#8221;<\/strong> cuenta tambi\u00e9n con una telec\u00e1mara que permite cargar en tiempo real las filmaciones llevadas a cabo. Esto da la posibilidad de visualizar las condiciones medioambientales instant\u00e1neas y de documentar de manera m\u00e1s eficaz el estado meteorol\u00f3gico en &#8220;Nowcasting&#8221;, o sea las observaciones\/previsiones de muy corto plazo.<\/p>\n<p style=\"text-align: justify;\"><img loading=\"lazy\" decoding=\"async\" class=\"alignnone wp-image-1176\" src=\"https:\/\/www.osservatorioadstatuas.it\/wp-content\/uploads\/2016\/03\/LiveCam_1.jpg\" alt=\"livecam_1\" width=\"324\" height=\"432\" srcset=\"https:\/\/www.osservatorioadstatuas.it\/wp-content\/uploads\/2016\/03\/LiveCam_1.jpg 2448w, https:\/\/www.osservatorioadstatuas.it\/wp-content\/uploads\/2016\/03\/LiveCam_1-225x300.jpg 225w, https:\/\/www.osservatorioadstatuas.it\/wp-content\/uploads\/2016\/03\/LiveCam_1-768x1024.jpg 768w, https:\/\/www.osservatorioadstatuas.it\/wp-content\/uploads\/2016\/03\/LiveCam_1-113x150.jpg 113w\" sizes=\"auto, (max-width: 324px) 100vw, 324px\" \/>\u00a0 <img loading=\"lazy\" decoding=\"async\" class=\"wp-image-1177 alignnone\" src=\"https:\/\/www.osservatorioadstatuas.it\/wp-content\/uploads\/2016\/03\/LiveCam_2.jpg\" alt=\"livecam_2\" width=\"323\" height=\"431\" srcset=\"https:\/\/www.osservatorioadstatuas.it\/wp-content\/uploads\/2016\/03\/LiveCam_2.jpg 2448w, https:\/\/www.osservatorioadstatuas.it\/wp-content\/uploads\/2016\/03\/LiveCam_2-225x300.jpg 225w, https:\/\/www.osservatorioadstatuas.it\/wp-content\/uploads\/2016\/03\/LiveCam_2-768x1024.jpg 768w, https:\/\/www.osservatorioadstatuas.it\/wp-content\/uploads\/2016\/03\/LiveCam_2-113x150.jpg 113w\" sizes=\"auto, (max-width: 323px) 100vw, 323px\" \/><img loading=\"lazy\" decoding=\"async\" class=\"wp-image-1178 alignnone\" src=\"https:\/\/www.osservatorioadstatuas.it\/wp-content\/uploads\/2016\/03\/LiveCam_3.jpg\" alt=\"livecam_3\" width=\"322\" height=\"430\" srcset=\"https:\/\/www.osservatorioadstatuas.it\/wp-content\/uploads\/2016\/03\/LiveCam_3.jpg 2448w, https:\/\/www.osservatorioadstatuas.it\/wp-content\/uploads\/2016\/03\/LiveCam_3-225x300.jpg 225w, https:\/\/www.osservatorioadstatuas.it\/wp-content\/uploads\/2016\/03\/LiveCam_3-768x1024.jpg 768w, https:\/\/www.osservatorioadstatuas.it\/wp-content\/uploads\/2016\/03\/LiveCam_3-113x150.jpg 113w\" sizes=\"auto, (max-width: 322px) 100vw, 322px\" \/><\/p>\n","protected":false},"excerpt":{"rendered":"<p>El Observatorio &#8220;ad Statuas&#8221; cuenta tambi\u00e9n con una telec\u00e1mara que permite cargar en tiempo real las filmaciones llevadas a cabo. Esto da la posibilidad de visualizar las condiciones medioambientales instant\u00e1neas y de documentar de manera m\u00e1s eficaz el estado meteorol\u00f3gico en &#8220;Nowcasting&#8221;, o sea las observaciones\/previsiones de muy corto plazo. \u00a0<\/p>\n","protected":false},"author":1,"featured_media":0,"parent":0,"menu_order":0,"comment_status":"closed","ping_status":"closed","template":"","meta":{"footnotes":""},"class_list":["post-951","page","type-page","status-publish","hentry"],"_links":{"self":[{"href":"https:\/\/www.osservatorioadstatuas.it\/es\/wp-json\/wp\/v2\/pages\/951","targetHints":{"allow":["GET"]}}],"collection":[{"href":"https:\/\/www.osservatorioadstatuas.it\/es\/wp-json\/wp\/v2\/pages"}],"about":[{"href":"https:\/\/www.osservatorioadstatuas.it\/es\/wp-json\/wp\/v2\/types\/page"}],"author":[{"embeddable":true,"href":"https:\/\/www.osservatorioadstatuas.it\/es\/wp-json\/wp\/v2\/users\/1"}],"replies":[{"embeddable":true,"href":"https:\/\/www.osservatorioadstatuas.it\/es\/wp-json\/wp\/v2\/comments?post=951"}],"version-history":[{"count":13,"href":"https:\/\/www.osservatorioadstatuas.it\/es\/wp-json\/wp\/v2\/pages\/951\/revisions"}],"predecessor-version":[{"id":3338,"href":"https:\/\/www.osservatorioadstatuas.it\/es\/wp-json\/wp\/v2\/pages\/951\/revisions\/3338"}],"wp:attachment":[{"href":"https:\/\/www.osservatorioadstatuas.it\/es\/wp-json\/wp\/v2\/media?parent=951"}],"curies":[{"name":"wp","href":"https:\/\/api.w.org\/{rel}","templated":true}]}}