{"id":954,"date":"2016-03-05T18:14:53","date_gmt":"2016-03-05T17:14:53","guid":{"rendered":"http:\/\/www.wp-free-themes.com\/wordpress\/?page_id=954"},"modified":"2017-02-04T12:17:39","modified_gmt":"2017-02-04T11:17:39","slug":"info-webcam-sky-explorer","status":"publish","type":"page","link":"https:\/\/www.osservatorioadstatuas.it\/es\/info-webcam-sky-explorer\/","title":{"rendered":"Informaci\u00f3n Webcam Sky Explorer"},"content":{"rendered":"<div class=\"wpb-content-wrapper\"><p>[vc_row][vc_column][vc_column_text]El sistema <em>Webcam Sky Explorer<\/em>, instalado en el tejado del <strong>Observatorio <em>\u201cad Statuas\u201d<\/em><\/strong>, est\u00e1 colocado en un palo autopropulsor, adecuadamente acodalado y estabilizado por un sistema de frenado electromagn\u00e9tico, que garantiza estabilidad incluso en condiciones de viento fuerte.<\/p>\n<p>La funda herm\u00e9tica,de la webcam cuenta con un sistema de calefacci\u00f3n, constituido por resistencias calefactoras semiconductoras controladas por term\u00f3statos, con el objetivo de mantener una temperatura adecuada para el correcto funcionamiento del hardware electr\u00f3nico y evitar la formaci\u00f3n de agua de condensaci\u00f3n en el vidrio.<\/p>\n<p>Hay tambi\u00e9n un sistema de refrigeraci\u00f3n con ventiladores para quitar el calor durante el per\u00edodo veraniego. A trav\u00e9s de un sensor termohigrom\u00e9trico se pueden monitorizar las condiciones interiores, para que sea posible intervenir de forma remota si la temperatura alcance valores cr\u00edticos.<\/p>\n<p>El n\u00facleo del sistema es un mini ordenador\/s\u00e9rver que permite controlar de forma remota y autom\u00e1tica la webcam Canon, que saca fotos de los fant\u00e1sticos panoramas de nuestras zonas.[\/vc_column_text][\/vc_column][\/vc_row][vc_row][vc_column width=\u00bb1\/3&#8243;][vc_column_text]<img loading=\"lazy\" decoding=\"async\" class=\"alignleft size-full wp-image-1187\" src=\"https:\/\/www.osservatorioadstatuas.it\/wp-content\/uploads\/2016\/03\/Sky_Explorer_1.jpg\" alt=\"\" width=\"2448\" height=\"3264\" srcset=\"https:\/\/www.osservatorioadstatuas.it\/wp-content\/uploads\/2016\/03\/Sky_Explorer_1.jpg 2448w, https:\/\/www.osservatorioadstatuas.it\/wp-content\/uploads\/2016\/03\/Sky_Explorer_1-225x300.jpg 225w, https:\/\/www.osservatorioadstatuas.it\/wp-content\/uploads\/2016\/03\/Sky_Explorer_1-768x1024.jpg 768w, https:\/\/www.osservatorioadstatuas.it\/wp-content\/uploads\/2016\/03\/Sky_Explorer_1-113x150.jpg 113w\" sizes=\"auto, (max-width: 2448px) 100vw, 2448px\" \/>[\/vc_column_text][\/vc_column][vc_column width=\u00bb1\/3&#8243;][vc_column_text]<img loading=\"lazy\" decoding=\"async\" class=\"alignleft size-full wp-image-1188\" src=\"https:\/\/www.osservatorioadstatuas.it\/wp-content\/uploads\/2016\/03\/Sky_Explorer_4.jpg\" alt=\"\" width=\"2448\" height=\"3264\" srcset=\"https:\/\/www.osservatorioadstatuas.it\/wp-content\/uploads\/2016\/03\/Sky_Explorer_4.jpg 2448w, https:\/\/www.osservatorioadstatuas.it\/wp-content\/uploads\/2016\/03\/Sky_Explorer_4-225x300.jpg 225w, https:\/\/www.osservatorioadstatuas.it\/wp-content\/uploads\/2016\/03\/Sky_Explorer_4-768x1024.jpg 768w, https:\/\/www.osservatorioadstatuas.it\/wp-content\/uploads\/2016\/03\/Sky_Explorer_4-113x150.jpg 113w\" sizes=\"auto, (max-width: 2448px) 100vw, 2448px\" \/>[\/vc_column_text][\/vc_column][vc_column width=\u00bb1\/3&#8243;][vc_column_text]<img loading=\"lazy\" decoding=\"async\" class=\"alignleft size-full wp-image-834\" src=\"https:\/\/www.osservatorioadstatuas.it\/wp-content\/uploads\/2016\/02\/Sky_Explorer_big.jpg\" alt=\"\" width=\"750\" height=\"1000\" srcset=\"https:\/\/www.osservatorioadstatuas.it\/wp-content\/uploads\/2016\/02\/Sky_Explorer_big.jpg 750w, https:\/\/www.osservatorioadstatuas.it\/wp-content\/uploads\/2016\/02\/Sky_Explorer_big-225x300.jpg 225w, https:\/\/www.osservatorioadstatuas.it\/wp-content\/uploads\/2016\/02\/Sky_Explorer_big-113x150.jpg 113w\" sizes=\"auto, (max-width: 750px) 100vw, 750px\" \/>[\/vc_column_text][\/vc_column][\/vc_row]<\/p>\n<\/div>","protected":false},"excerpt":{"rendered":"<p>[vc_row][vc_column][vc_column_text]El sistema Webcam Sky Explorer, instalado en el tejado del Observatorio \u201cad Statuas\u201d, est\u00e1 colocado en un palo autopropulsor, adecuadamente acodalado y estabilizado por un sistema de frenado electromagn\u00e9tico, que garantiza estabilidad incluso en condiciones de viento fuerte. La funda herm\u00e9tica,de la webcam cuenta con un sistema de calefacci\u00f3n, constituido por resistencias calefactoras semiconductoras controladas [&hellip;]<\/p>\n","protected":false},"author":1,"featured_media":0,"parent":0,"menu_order":0,"comment_status":"closed","ping_status":"closed","template":"","meta":{"footnotes":""},"class_list":["post-954","page","type-page","status-publish","hentry"],"_links":{"self":[{"href":"https:\/\/www.osservatorioadstatuas.it\/es\/wp-json\/wp\/v2\/pages\/954","targetHints":{"allow":["GET"]}}],"collection":[{"href":"https:\/\/www.osservatorioadstatuas.it\/es\/wp-json\/wp\/v2\/pages"}],"about":[{"href":"https:\/\/www.osservatorioadstatuas.it\/es\/wp-json\/wp\/v2\/types\/page"}],"author":[{"embeddable":true,"href":"https:\/\/www.osservatorioadstatuas.it\/es\/wp-json\/wp\/v2\/users\/1"}],"replies":[{"embeddable":true,"href":"https:\/\/www.osservatorioadstatuas.it\/es\/wp-json\/wp\/v2\/comments?post=954"}],"version-history":[{"count":20,"href":"https:\/\/www.osservatorioadstatuas.it\/es\/wp-json\/wp\/v2\/pages\/954\/revisions"}],"predecessor-version":[{"id":2372,"href":"https:\/\/www.osservatorioadstatuas.it\/es\/wp-json\/wp\/v2\/pages\/954\/revisions\/2372"}],"wp:attachment":[{"href":"https:\/\/www.osservatorioadstatuas.it\/es\/wp-json\/wp\/v2\/media?parent=954"}],"curies":[{"name":"wp","href":"https:\/\/api.w.org\/{rel}","templated":true}]}}